{"id":30,"date":"2021-08-11T16:58:02","date_gmt":"2021-08-11T16:58:02","guid":{"rendered":"http:\/\/lecturafacilcantabria.tunegocioonline.es\/?page_id=30"},"modified":"2023-07-17T18:01:34","modified_gmt":"2023-07-17T18:01:34","slug":"que-ofrecemos","status":"publish","type":"page","link":"https:\/\/lecturafacilcantabria.org\/?page_id=30","title":{"rendered":"Qu\u00e9 ofrecemos"},"content":{"rendered":"<h2>-&gt; Formar<\/h2>\n<p>Formaci\u00f3n y asesoramiento sobre el qu\u00e9 pautas de Lectura F\u00e1cil y c\u00f3mo incoporarlas en el d\u00eda a d\u00eda, tanto a entidades p\u00fablicas y privadas as\u00ed como a cualquier persona interesada en este \u00e1mbito.<\/p>\n<h2>-&gt; Adaptar<\/h2>\n<p>Adaptaci\u00f3n de textos (divulgativos, cient\u00edficos, literarios&#8230;) a un lenguaje m\u00e1s comprensible mediante las t\u00e9cnicas oficiales de Lectura F\u00e1cil.<\/p>\n<h2>-&gt; Dinamizar<\/h2>\n<p>Creaci\u00f3n y dinamizaci\u00f3n de Clubs de Lectura F\u00e1cil que permitan reunir a un grupo heterog\u00e9neo de personas y fomentar su acercamiento a la literatura adaptada.<\/p>\n","protected":false},"excerpt":{"rendered":"<p>-&gt; Formar Formaci\u00f3n y asesoramiento sobre el qu\u00e9 pautas de Lectura F\u00e1cil y c\u00f3mo incoporarlas en el d\u00eda a d\u00eda, tanto a entidades p\u00fablicas y privadas as\u00ed como a cualquier persona interesada en este \u00e1mbito. -&gt; Adaptar Adaptaci\u00f3n de textos (divulgativos, cient\u00edficos, literarios&#8230;) a un lenguaje m\u00e1s comprensible mediante las t\u00e9cnicas oficiales de Lectura F\u00e1cil&#8230;.<\/p>\n","protected":false},"author":2,"featured_media":0,"parent":0,"menu_order":0,"comment_status":"closed","ping_status":"closed","template":"","meta":{"_kad_post_transparent":"disable","_kad_post_title":"hide","_kad_post_layout":"default","_kad_post_sidebar_id":"","_kad_post_content_style":"default","_kad_post_vertical_padding":"default","_kad_post_feature":"","_kad_post_feature_position":"","_kad_post_header":false,"_kad_post_footer":false,"footnotes":""},"class_list":["post-30","page","type-page","status-publish","hentry"],"yoast_head":"<!-- This site is optimized with the Yoast SEO plugin v27.5 - https:\/\/yoast.com\/product\/yoast-seo-wordpress\/ -->\n<title>Qu\u00e9 ofrecemos - Lectura F\u00e1cil Cantabria<\/title>\n<meta name=\"robots\" content=\"index, follow, max-snippet:-1, max-image-preview:large, max-video-preview:-1\" \/>\n<link rel=\"canonical\" href=\"https:\/\/lecturafacilcantabria.org\/?page_id=30\" \/>\n<meta property=\"og:locale\" content=\"es_ES\" \/>\n<meta property=\"og:type\" content=\"article\" \/>\n<meta property=\"og:title\" content=\"Qu\u00e9 ofrecemos - Lectura F\u00e1cil Cantabria\" \/>\n<meta property=\"og:description\" content=\"-&gt; Formar Formaci\u00f3n y asesoramiento sobre el qu\u00e9 pautas de Lectura F\u00e1cil y c\u00f3mo incoporarlas en el d\u00eda a d\u00eda, tanto a entidades p\u00fablicas y privadas as\u00ed como a cualquier persona interesada en este \u00e1mbito. -&gt; Adaptar Adaptaci\u00f3n de textos (divulgativos, cient\u00edficos, literarios&#8230;) a un lenguaje m\u00e1s comprensible mediante las t\u00e9cnicas oficiales de Lectura F\u00e1cil....\" \/>\n<meta property=\"og:url\" content=\"https:\/\/lecturafacilcantabria.org\/?page_id=30\" \/>\n<meta property=\"og:site_name\" content=\"Lectura F\u00e1cil Cantabria\" \/>\n<meta property=\"article:modified_time\" content=\"2023-07-17T18:01:34+00:00\" \/>\n<meta name=\"twitter:card\" content=\"summary_large_image\" \/>\n<meta name=\"twitter:label1\" content=\"Tiempo de lectura\" \/>\n\t<meta name=\"twitter:data1\" content=\"1 minuto\" \/>\n<script type=\"application\/ld+json\" class=\"yoast-schema-graph\">{\"@context\":\"https:\\\/\\\/schema.org\",\"@graph\":[{\"@type\":\"WebPage\",\"@id\":\"https:\\\/\\\/lecturafacilcantabria.org\\\/?page_id=30\",\"url\":\"https:\\\/\\\/lecturafacilcantabria.org\\\/?page_id=30\",\"name\":\"Qu\u00e9 ofrecemos - Lectura F\u00e1cil Cantabria\",\"isPartOf\":{\"@id\":\"https:\\\/\\\/lecturafacilcantabria.org\\\/#website\"},\"datePublished\":\"2021-08-11T16:58:02+00:00\",\"dateModified\":\"2023-07-17T18:01:34+00:00\",\"breadcrumb\":{\"@id\":\"https:\\\/\\\/lecturafacilcantabria.org\\\/?page_id=30#breadcrumb\"},\"inLanguage\":\"es\",\"potentialAction\":[{\"@type\":\"ReadAction\",\"target\":[\"https:\\\/\\\/lecturafacilcantabria.org\\\/?page_id=30\"]}]},{\"@type\":\"BreadcrumbList\",\"@id\":\"https:\\\/\\\/lecturafacilcantabria.org\\\/?page_id=30#breadcrumb\",\"itemListElement\":[{\"@type\":\"ListItem\",\"position\":1,\"name\":\"Portada\",\"item\":\"https:\\\/\\\/lecturafacilcantabria.org\\\/\"},{\"@type\":\"ListItem\",\"position\":2,\"name\":\"Qu\u00e9 ofrecemos\"}]},{\"@type\":\"WebSite\",\"@id\":\"https:\\\/\\\/lecturafacilcantabria.org\\\/#website\",\"url\":\"https:\\\/\\\/lecturafacilcantabria.org\\\/\",\"name\":\"Lectura F\u00e1cil Cantabria\",\"description\":\"Asociaci\u00f3n especializada en promover y difundir la Lectura F\u00e1cil en Cantabria\",\"publisher\":{\"@id\":\"https:\\\/\\\/lecturafacilcantabria.org\\\/#organization\"},\"potentialAction\":[{\"@type\":\"SearchAction\",\"target\":{\"@type\":\"EntryPoint\",\"urlTemplate\":\"https:\\\/\\\/lecturafacilcantabria.org\\\/?s={search_term_string}\"},\"query-input\":{\"@type\":\"PropertyValueSpecification\",\"valueRequired\":true,\"valueName\":\"search_term_string\"}}],\"inLanguage\":\"es\"},{\"@type\":\"Organization\",\"@id\":\"https:\\\/\\\/lecturafacilcantabria.org\\\/#organization\",\"name\":\"Lectura F\u00e1cil Cantabria\",\"url\":\"https:\\\/\\\/lecturafacilcantabria.org\\\/\",\"logo\":{\"@type\":\"ImageObject\",\"inLanguage\":\"es\",\"@id\":\"https:\\\/\\\/lecturafacilcantabria.org\\\/#\\\/schema\\\/logo\\\/image\\\/\",\"url\":\"https:\\\/\\\/lecturafacilcantabria.org\\\/wp-content\\\/uploads\\\/2021\\\/08\\\/logo-e1628705030940.png\",\"contentUrl\":\"https:\\\/\\\/lecturafacilcantabria.org\\\/wp-content\\\/uploads\\\/2021\\\/08\\\/logo-e1628705030940.png\",\"width\":1200,\"height\":675,\"caption\":\"Lectura F\u00e1cil Cantabria\"},\"image\":{\"@id\":\"https:\\\/\\\/lecturafacilcantabria.org\\\/#\\\/schema\\\/logo\\\/image\\\/\"}}]}<\/script>\n<!-- \/ Yoast SEO plugin. -->","yoast_head_json":{"title":"Qu\u00e9 ofrecemos - Lectura F\u00e1cil Cantabria","robots":{"index":"index","follow":"follow","max-snippet":"max-snippet:-1","max-image-preview":"max-image-preview:large","max-video-preview":"max-video-preview:-1"},"canonical":"https:\/\/lecturafacilcantabria.org\/?page_id=30","og_locale":"es_ES","og_type":"article","og_title":"Qu\u00e9 ofrecemos - Lectura F\u00e1cil Cantabria","og_description":"-&gt; Formar Formaci\u00f3n y asesoramiento sobre el qu\u00e9 pautas de Lectura F\u00e1cil y c\u00f3mo incoporarlas en el d\u00eda a d\u00eda, tanto a entidades p\u00fablicas y privadas as\u00ed como a cualquier persona interesada en este \u00e1mbito. -&gt; Adaptar Adaptaci\u00f3n de textos (divulgativos, cient\u00edficos, literarios&#8230;) a un lenguaje m\u00e1s comprensible mediante las t\u00e9cnicas oficiales de Lectura F\u00e1cil....","og_url":"https:\/\/lecturafacilcantabria.org\/?page_id=30","og_site_name":"Lectura F\u00e1cil Cantabria","article_modified_time":"2023-07-17T18:01:34+00:00","twitter_card":"summary_large_image","twitter_misc":{"Tiempo de lectura":"1 minuto"},"schema":{"@context":"https:\/\/schema.org","@graph":[{"@type":"WebPage","@id":"https:\/\/lecturafacilcantabria.org\/?page_id=30","url":"https:\/\/lecturafacilcantabria.org\/?page_id=30","name":"Qu\u00e9 ofrecemos - Lectura F\u00e1cil Cantabria","isPartOf":{"@id":"https:\/\/lecturafacilcantabria.org\/#website"},"datePublished":"2021-08-11T16:58:02+00:00","dateModified":"2023-07-17T18:01:34+00:00","breadcrumb":{"@id":"https:\/\/lecturafacilcantabria.org\/?page_id=30#breadcrumb"},"inLanguage":"es","potentialAction":[{"@type":"ReadAction","target":["https:\/\/lecturafacilcantabria.org\/?page_id=30"]}]},{"@type":"BreadcrumbList","@id":"https:\/\/lecturafacilcantabria.org\/?page_id=30#breadcrumb","itemListElement":[{"@type":"ListItem","position":1,"name":"Portada","item":"https:\/\/lecturafacilcantabria.org\/"},{"@type":"ListItem","position":2,"name":"Qu\u00e9 ofrecemos"}]},{"@type":"WebSite","@id":"https:\/\/lecturafacilcantabria.org\/#website","url":"https:\/\/lecturafacilcantabria.org\/","name":"Lectura F\u00e1cil Cantabria","description":"Asociaci\u00f3n especializada en promover y difundir la Lectura F\u00e1cil en Cantabria","publisher":{"@id":"https:\/\/lecturafacilcantabria.org\/#organization"},"potentialAction":[{"@type":"SearchAction","target":{"@type":"EntryPoint","urlTemplate":"https:\/\/lecturafacilcantabria.org\/?s={search_term_string}"},"query-input":{"@type":"PropertyValueSpecification","valueRequired":true,"valueName":"search_term_string"}}],"inLanguage":"es"},{"@type":"Organization","@id":"https:\/\/lecturafacilcantabria.org\/#organization","name":"Lectura F\u00e1cil Cantabria","url":"https:\/\/lecturafacilcantabria.org\/","logo":{"@type":"ImageObject","inLanguage":"es","@id":"https:\/\/lecturafacilcantabria.org\/#\/schema\/logo\/image\/","url":"https:\/\/lecturafacilcantabria.org\/wp-content\/uploads\/2021\/08\/logo-e1628705030940.png","contentUrl":"https:\/\/lecturafacilcantabria.org\/wp-content\/uploads\/2021\/08\/logo-e1628705030940.png","width":1200,"height":675,"caption":"Lectura F\u00e1cil Cantabria"},"image":{"@id":"https:\/\/lecturafacilcantabria.org\/#\/schema\/logo\/image\/"}}]}},"_links":{"self":[{"href":"https:\/\/lecturafacilcantabria.org\/index.php?rest_route=\/wp\/v2\/pages\/30","targetHints":{"allow":["GET"]}}],"collection":[{"href":"https:\/\/lecturafacilcantabria.org\/index.php?rest_route=\/wp\/v2\/pages"}],"about":[{"href":"https:\/\/lecturafacilcantabria.org\/index.php?rest_route=\/wp\/v2\/types\/page"}],"author":[{"embeddable":true,"href":"https:\/\/lecturafacilcantabria.org\/index.php?rest_route=\/wp\/v2\/users\/2"}],"replies":[{"embeddable":true,"href":"https:\/\/lecturafacilcantabria.org\/index.php?rest_route=%2Fwp%2Fv2%2Fcomments&post=30"}],"version-history":[{"count":2,"href":"https:\/\/lecturafacilcantabria.org\/index.php?rest_route=\/wp\/v2\/pages\/30\/revisions"}],"predecessor-version":[{"id":69,"href":"https:\/\/lecturafacilcantabria.org\/index.php?rest_route=\/wp\/v2\/pages\/30\/revisions\/69"}],"wp:attachment":[{"href":"https:\/\/lecturafacilcantabria.org\/index.php?rest_route=%2Fwp%2Fv2%2Fmedia&parent=30"}],"curies":[{"name":"wp","href":"https:\/\/api.w.org\/{rel}","templated":true}]}}