{"id":51,"date":"2021-08-11T18:43:55","date_gmt":"2021-08-11T18:43:55","guid":{"rendered":"http:\/\/lecturafacilcantabria.tunegocioonline.es\/?page_id=51"},"modified":"2021-08-11T18:43:55","modified_gmt":"2021-08-11T18:43:55","slug":"personalizar-cookies","status":"publish","type":"page","link":"https:\/\/lecturafacilcantabria.org\/?page_id=51","title":{"rendered":"Personalizar Cookies"},"content":{"rendered":"\n<div>\n      <div id=\"custom-cookies-eu-label\">\n          El sitio Web http:\/\/www.lecturafacilcantabria.org utiliza cookies propias  para su correcto funcionamiento. Al hacer clic en el bot\u00f3n Aceptar, acepta el uso de estas tecnolog\u00edas y el procesamiento de sus datos para estos prop\u00f3sitos.          \n\n      <\/div>\n\n      <div id=\"custom-cookies-eu-buttons\" class=\"cookies-eu-buttons\">\n        <button id=\"custom-cookies-eu-reject\" class=\"cookies-eu-reject\">Rechazar<\/button>\n        <button id=\"custom-cookies-eu-accept\" class=\"cookies-eu-accept\">ACEPTAR TODAS LAS COOKIES<\/button><\/div>\n      <\/div>\n\n<br\/>\n<p>\n\tPuedes cambiar tus preferencias de cookies en cualquier momento si vuelves a la p\u00e1gina de Personalizar cookies, a la que puedes acceder a trav\u00e9s del Aviso de cookies. Para obtener m\u00e1s informaci\u00f3n sobre las cookies y c\u00f3mo las usamos, consulta la p\u00e1gina de <a href=\"https:\/\/lecturafacilcantabria.org\/?page_id=50\">Pol\u00edtica de Cookies<\/a>.\n<\/p>\n\n<h3>Cookies t\u00e9cnicas<\/h3>\n<p>\n\tSon aquellas que permiten a los usuarios registrados navegar a trav\u00e9s del sitio Web, del \u00e1rea restringida y a utilizar sus diferentes funciones, como por ejemplo, el sistema de comentarios o el buscador y no pueden ser desactivadas.\n<\/p>\n\n\n\n","protected":false},"excerpt":{"rendered":"<p>El sitio Web http:\/\/www.lecturafacilcantabria.org utiliza cookies propias para su correcto funcionamiento. Al hacer clic en el bot\u00f3n Aceptar, acepta el uso de estas tecnolog\u00edas y el procesamiento de sus datos para estos prop\u00f3sitos. Rechazar ACEPTAR TODAS LAS COOKIES Puedes cambiar tus preferencias de cookies en cualquier momento si vuelves a la p\u00e1gina de Personalizar cookies,&#8230;<\/p>\n","protected":false},"author":2,"featured_media":0,"parent":0,"menu_order":0,"comment_status":"closed","ping_status":"closed","template":"","meta":{"_kad_post_transparent":"","_kad_post_title":"","_kad_post_layout":"","_kad_post_sidebar_id":"","_kad_post_content_style":"","_kad_post_vertical_padding":"","_kad_post_feature":"","_kad_post_feature_position":"","_kad_post_header":false,"_kad_post_footer":false,"footnotes":""},"class_list":["post-51","page","type-page","status-publish","hentry"],"yoast_head":"<!-- This site is optimized with the Yoast SEO plugin v27.5 - https:\/\/yoast.com\/product\/yoast-seo-wordpress\/ -->\n<title>Personalizar Cookies - Lectura F\u00e1cil Cantabria<\/title>\n<meta name=\"robots\" content=\"index, follow, max-snippet:-1, max-image-preview:large, max-video-preview:-1\" \/>\n<link rel=\"canonical\" href=\"https:\/\/lecturafacilcantabria.org\/?page_id=51\" \/>\n<meta property=\"og:locale\" content=\"es_ES\" \/>\n<meta property=\"og:type\" content=\"article\" \/>\n<meta property=\"og:title\" content=\"Personalizar Cookies - Lectura F\u00e1cil Cantabria\" \/>\n<meta property=\"og:description\" content=\"El sitio Web http:\/\/www.lecturafacilcantabria.org utiliza cookies propias para su correcto funcionamiento. Al hacer clic en el bot\u00f3n Aceptar, acepta el uso de estas tecnolog\u00edas y el procesamiento de sus datos para estos prop\u00f3sitos. Rechazar ACEPTAR TODAS LAS COOKIES Puedes cambiar tus preferencias de cookies en cualquier momento si vuelves a la p\u00e1gina de Personalizar cookies,...\" \/>\n<meta property=\"og:url\" content=\"https:\/\/lecturafacilcantabria.org\/?page_id=51\" \/>\n<meta property=\"og:site_name\" content=\"Lectura F\u00e1cil Cantabria\" \/>\n<meta name=\"twitter:card\" content=\"summary_large_image\" \/>\n<script type=\"application\/ld+json\" class=\"yoast-schema-graph\">{\"@context\":\"https:\\\/\\\/schema.org\",\"@graph\":[{\"@type\":\"WebPage\",\"@id\":\"https:\\\/\\\/lecturafacilcantabria.org\\\/?page_id=51\",\"url\":\"https:\\\/\\\/lecturafacilcantabria.org\\\/?page_id=51\",\"name\":\"Personalizar Cookies - Lectura F\u00e1cil Cantabria\",\"isPartOf\":{\"@id\":\"https:\\\/\\\/lecturafacilcantabria.org\\\/#website\"},\"datePublished\":\"2021-08-11T18:43:55+00:00\",\"breadcrumb\":{\"@id\":\"https:\\\/\\\/lecturafacilcantabria.org\\\/?page_id=51#breadcrumb\"},\"inLanguage\":\"es\",\"potentialAction\":[{\"@type\":\"ReadAction\",\"target\":[\"https:\\\/\\\/lecturafacilcantabria.org\\\/?page_id=51\"]}]},{\"@type\":\"BreadcrumbList\",\"@id\":\"https:\\\/\\\/lecturafacilcantabria.org\\\/?page_id=51#breadcrumb\",\"itemListElement\":[{\"@type\":\"ListItem\",\"position\":1,\"name\":\"Portada\",\"item\":\"https:\\\/\\\/lecturafacilcantabria.org\\\/\"},{\"@type\":\"ListItem\",\"position\":2,\"name\":\"Personalizar Cookies\"}]},{\"@type\":\"WebSite\",\"@id\":\"https:\\\/\\\/lecturafacilcantabria.org\\\/#website\",\"url\":\"https:\\\/\\\/lecturafacilcantabria.org\\\/\",\"name\":\"Lectura F\u00e1cil Cantabria\",\"description\":\"Asociaci\u00f3n especializada en promover y difundir la Lectura F\u00e1cil en Cantabria\",\"publisher\":{\"@id\":\"https:\\\/\\\/lecturafacilcantabria.org\\\/#organization\"},\"potentialAction\":[{\"@type\":\"SearchAction\",\"target\":{\"@type\":\"EntryPoint\",\"urlTemplate\":\"https:\\\/\\\/lecturafacilcantabria.org\\\/?s={search_term_string}\"},\"query-input\":{\"@type\":\"PropertyValueSpecification\",\"valueRequired\":true,\"valueName\":\"search_term_string\"}}],\"inLanguage\":\"es\"},{\"@type\":\"Organization\",\"@id\":\"https:\\\/\\\/lecturafacilcantabria.org\\\/#organization\",\"name\":\"Lectura F\u00e1cil Cantabria\",\"url\":\"https:\\\/\\\/lecturafacilcantabria.org\\\/\",\"logo\":{\"@type\":\"ImageObject\",\"inLanguage\":\"es\",\"@id\":\"https:\\\/\\\/lecturafacilcantabria.org\\\/#\\\/schema\\\/logo\\\/image\\\/\",\"url\":\"https:\\\/\\\/lecturafacilcantabria.org\\\/wp-content\\\/uploads\\\/2021\\\/08\\\/logo-e1628705030940.png\",\"contentUrl\":\"https:\\\/\\\/lecturafacilcantabria.org\\\/wp-content\\\/uploads\\\/2021\\\/08\\\/logo-e1628705030940.png\",\"width\":1200,\"height\":675,\"caption\":\"Lectura F\u00e1cil Cantabria\"},\"image\":{\"@id\":\"https:\\\/\\\/lecturafacilcantabria.org\\\/#\\\/schema\\\/logo\\\/image\\\/\"}}]}<\/script>\n<!-- \/ Yoast SEO plugin. -->","yoast_head_json":{"title":"Personalizar Cookies - Lectura F\u00e1cil Cantabria","robots":{"index":"index","follow":"follow","max-snippet":"max-snippet:-1","max-image-preview":"max-image-preview:large","max-video-preview":"max-video-preview:-1"},"canonical":"https:\/\/lecturafacilcantabria.org\/?page_id=51","og_locale":"es_ES","og_type":"article","og_title":"Personalizar Cookies - Lectura F\u00e1cil Cantabria","og_description":"El sitio Web http:\/\/www.lecturafacilcantabria.org utiliza cookies propias para su correcto funcionamiento. Al hacer clic en el bot\u00f3n Aceptar, acepta el uso de estas tecnolog\u00edas y el procesamiento de sus datos para estos prop\u00f3sitos. Rechazar ACEPTAR TODAS LAS COOKIES Puedes cambiar tus preferencias de cookies en cualquier momento si vuelves a la p\u00e1gina de Personalizar cookies,...","og_url":"https:\/\/lecturafacilcantabria.org\/?page_id=51","og_site_name":"Lectura F\u00e1cil Cantabria","twitter_card":"summary_large_image","schema":{"@context":"https:\/\/schema.org","@graph":[{"@type":"WebPage","@id":"https:\/\/lecturafacilcantabria.org\/?page_id=51","url":"https:\/\/lecturafacilcantabria.org\/?page_id=51","name":"Personalizar Cookies - Lectura F\u00e1cil Cantabria","isPartOf":{"@id":"https:\/\/lecturafacilcantabria.org\/#website"},"datePublished":"2021-08-11T18:43:55+00:00","breadcrumb":{"@id":"https:\/\/lecturafacilcantabria.org\/?page_id=51#breadcrumb"},"inLanguage":"es","potentialAction":[{"@type":"ReadAction","target":["https:\/\/lecturafacilcantabria.org\/?page_id=51"]}]},{"@type":"BreadcrumbList","@id":"https:\/\/lecturafacilcantabria.org\/?page_id=51#breadcrumb","itemListElement":[{"@type":"ListItem","position":1,"name":"Portada","item":"https:\/\/lecturafacilcantabria.org\/"},{"@type":"ListItem","position":2,"name":"Personalizar Cookies"}]},{"@type":"WebSite","@id":"https:\/\/lecturafacilcantabria.org\/#website","url":"https:\/\/lecturafacilcantabria.org\/","name":"Lectura F\u00e1cil Cantabria","description":"Asociaci\u00f3n especializada en promover y difundir la Lectura F\u00e1cil en Cantabria","publisher":{"@id":"https:\/\/lecturafacilcantabria.org\/#organization"},"potentialAction":[{"@type":"SearchAction","target":{"@type":"EntryPoint","urlTemplate":"https:\/\/lecturafacilcantabria.org\/?s={search_term_string}"},"query-input":{"@type":"PropertyValueSpecification","valueRequired":true,"valueName":"search_term_string"}}],"inLanguage":"es"},{"@type":"Organization","@id":"https:\/\/lecturafacilcantabria.org\/#organization","name":"Lectura F\u00e1cil Cantabria","url":"https:\/\/lecturafacilcantabria.org\/","logo":{"@type":"ImageObject","inLanguage":"es","@id":"https:\/\/lecturafacilcantabria.org\/#\/schema\/logo\/image\/","url":"https:\/\/lecturafacilcantabria.org\/wp-content\/uploads\/2021\/08\/logo-e1628705030940.png","contentUrl":"https:\/\/lecturafacilcantabria.org\/wp-content\/uploads\/2021\/08\/logo-e1628705030940.png","width":1200,"height":675,"caption":"Lectura F\u00e1cil Cantabria"},"image":{"@id":"https:\/\/lecturafacilcantabria.org\/#\/schema\/logo\/image\/"}}]}},"_links":{"self":[{"href":"https:\/\/lecturafacilcantabria.org\/index.php?rest_route=\/wp\/v2\/pages\/51","targetHints":{"allow":["GET"]}}],"collection":[{"href":"https:\/\/lecturafacilcantabria.org\/index.php?rest_route=\/wp\/v2\/pages"}],"about":[{"href":"https:\/\/lecturafacilcantabria.org\/index.php?rest_route=\/wp\/v2\/types\/page"}],"author":[{"embeddable":true,"href":"https:\/\/lecturafacilcantabria.org\/index.php?rest_route=\/wp\/v2\/users\/2"}],"replies":[{"embeddable":true,"href":"https:\/\/lecturafacilcantabria.org\/index.php?rest_route=%2Fwp%2Fv2%2Fcomments&post=51"}],"version-history":[{"count":0,"href":"https:\/\/lecturafacilcantabria.org\/index.php?rest_route=\/wp\/v2\/pages\/51\/revisions"}],"wp:attachment":[{"href":"https:\/\/lecturafacilcantabria.org\/index.php?rest_route=%2Fwp%2Fv2%2Fmedia&parent=51"}],"curies":[{"name":"wp","href":"https:\/\/api.w.org\/{rel}","templated":true}]}}