{"id":99,"date":"2023-07-17T19:31:21","date_gmt":"2023-07-17T19:31:21","guid":{"rendered":"https:\/\/lecturafacilcantabria.org\/?page_id=99"},"modified":"2023-07-17T19:45:39","modified_gmt":"2023-07-17T19:45:39","slug":"contacto","status":"publish","type":"page","link":"https:\/\/lecturafacilcantabria.org\/?page_id=99","title":{"rendered":"Contacto"},"content":{"rendered":"<p>&nbsp;<\/p>\n<p><img loading=\"lazy\" decoding=\"async\" class=\"alignnone  wp-image-101\" src=\"https:\/\/lecturafacilcantabria.org\/wp-content\/uploads\/2023\/07\/descarga-1.png\" alt=\"\" width=\"61\" height=\"61\" srcset=\"https:\/\/lecturafacilcantabria.org\/wp-content\/uploads\/2023\/07\/descarga-1.png 225w, https:\/\/lecturafacilcantabria.org\/wp-content\/uploads\/2023\/07\/descarga-1-150x150.png 150w\" sizes=\"auto, (max-width: 61px) 100vw, 61px\" \/> <strong>FACEBOOK -&gt;<\/strong> <a href=\"https:\/\/www.facebook.com\/people\/Lectura-F%C3%A1cil-Cantabria\/100075342956305\/\">https:\/\/www.facebook.com\/people\/Lectura-F%C3%A1cil-Cantabria\/100075342956305\/<\/a><\/p>\n<p><img loading=\"lazy\" decoding=\"async\" class=\"alignnone  wp-image-102\" src=\"https:\/\/lecturafacilcantabria.org\/wp-content\/uploads\/2023\/07\/descarga.jpg\" alt=\"\" width=\"62\" height=\"62\" srcset=\"https:\/\/lecturafacilcantabria.org\/wp-content\/uploads\/2023\/07\/descarga.jpg 225w, https:\/\/lecturafacilcantabria.org\/wp-content\/uploads\/2023\/07\/descarga-150x150.jpg 150w\" sizes=\"auto, (max-width: 62px) 100vw, 62px\" \/><strong> INSTAGRAM -&gt;<\/strong>\u00a0<a href=\"https:\/\/www.instagram.com\/lectura_facil_cantabria\/\">https:\/\/www.instagram.com\/lectura_facil_cantabria\/<\/a><\/p>\n<p><img loading=\"lazy\" decoding=\"async\" class=\"alignnone  wp-image-103\" src=\"https:\/\/lecturafacilcantabria.org\/wp-content\/uploads\/2023\/07\/descarga-2.png\" alt=\"\" width=\"65\" height=\"49\" \/><strong> EMAIL -&gt;<\/strong> lecturafacilcantabria@gmail.com<\/p>\n","protected":false},"excerpt":{"rendered":"<p>&nbsp; FACEBOOK -&gt; https:\/\/www.facebook.com\/people\/Lectura-F%C3%A1cil-Cantabria\/100075342956305\/ INSTAGRAM -&gt;\u00a0https:\/\/www.instagram.com\/lectura_facil_cantabria\/ EMAIL -&gt; lecturafacilcantabria@gmail.com<\/p>\n","protected":false},"author":3,"featured_media":0,"parent":32,"menu_order":0,"comment_status":"closed","ping_status":"closed","template":"","meta":{"_kad_post_transparent":"default","_kad_post_title":"default","_kad_post_layout":"default","_kad_post_sidebar_id":"","_kad_post_content_style":"default","_kad_post_vertical_padding":"default","_kad_post_feature":"","_kad_post_feature_position":"","_kad_post_header":false,"_kad_post_footer":false,"footnotes":""},"class_list":["post-99","page","type-page","status-publish","hentry"],"yoast_head":"<!-- This site is optimized with the Yoast SEO plugin v27.5 - https:\/\/yoast.com\/product\/yoast-seo-wordpress\/ -->\n<title>Contacto - Lectura F\u00e1cil Cantabria<\/title>\n<meta name=\"robots\" content=\"index, follow, max-snippet:-1, max-image-preview:large, max-video-preview:-1\" \/>\n<link rel=\"canonical\" href=\"https:\/\/lecturafacilcantabria.org\/?page_id=99\" \/>\n<meta property=\"og:locale\" content=\"es_ES\" \/>\n<meta property=\"og:type\" content=\"article\" \/>\n<meta property=\"og:title\" content=\"Contacto - Lectura F\u00e1cil Cantabria\" \/>\n<meta property=\"og:description\" content=\"&nbsp; FACEBOOK -&gt; https:\/\/www.facebook.com\/people\/Lectura-F%C3%A1cil-Cantabria\/100075342956305\/ INSTAGRAM -&gt;\u00a0https:\/\/www.instagram.com\/lectura_facil_cantabria\/ EMAIL -&gt; lecturafacilcantabria@gmail.com\" \/>\n<meta property=\"og:url\" content=\"https:\/\/lecturafacilcantabria.org\/?page_id=99\" \/>\n<meta property=\"og:site_name\" content=\"Lectura F\u00e1cil Cantabria\" \/>\n<meta property=\"article:modified_time\" content=\"2023-07-17T19:45:39+00:00\" \/>\n<meta property=\"og:image\" content=\"https:\/\/lecturafacilcantabria.org\/wp-content\/uploads\/2023\/07\/descarga-1.png\" \/>\n<meta name=\"twitter:card\" content=\"summary_large_image\" \/>\n<meta name=\"twitter:label1\" content=\"Tiempo de lectura\" \/>\n\t<meta name=\"twitter:data1\" content=\"1 minuto\" \/>\n<script type=\"application\/ld+json\" class=\"yoast-schema-graph\">{\"@context\":\"https:\\\/\\\/schema.org\",\"@graph\":[{\"@type\":\"WebPage\",\"@id\":\"https:\\\/\\\/lecturafacilcantabria.org\\\/?page_id=99\",\"url\":\"https:\\\/\\\/lecturafacilcantabria.org\\\/?page_id=99\",\"name\":\"Contacto - Lectura F\u00e1cil Cantabria\",\"isPartOf\":{\"@id\":\"https:\\\/\\\/lecturafacilcantabria.org\\\/#website\"},\"primaryImageOfPage\":{\"@id\":\"https:\\\/\\\/lecturafacilcantabria.org\\\/?page_id=99#primaryimage\"},\"image\":{\"@id\":\"https:\\\/\\\/lecturafacilcantabria.org\\\/?page_id=99#primaryimage\"},\"thumbnailUrl\":\"https:\\\/\\\/lecturafacilcantabria.org\\\/wp-content\\\/uploads\\\/2023\\\/07\\\/descarga-1.png\",\"datePublished\":\"2023-07-17T19:31:21+00:00\",\"dateModified\":\"2023-07-17T19:45:39+00:00\",\"breadcrumb\":{\"@id\":\"https:\\\/\\\/lecturafacilcantabria.org\\\/?page_id=99#breadcrumb\"},\"inLanguage\":\"es\",\"potentialAction\":[{\"@type\":\"ReadAction\",\"target\":[\"https:\\\/\\\/lecturafacilcantabria.org\\\/?page_id=99\"]}]},{\"@type\":\"ImageObject\",\"inLanguage\":\"es\",\"@id\":\"https:\\\/\\\/lecturafacilcantabria.org\\\/?page_id=99#primaryimage\",\"url\":\"https:\\\/\\\/lecturafacilcantabria.org\\\/wp-content\\\/uploads\\\/2023\\\/07\\\/descarga-1.png\",\"contentUrl\":\"https:\\\/\\\/lecturafacilcantabria.org\\\/wp-content\\\/uploads\\\/2023\\\/07\\\/descarga-1.png\",\"width\":225,\"height\":225},{\"@type\":\"BreadcrumbList\",\"@id\":\"https:\\\/\\\/lecturafacilcantabria.org\\\/?page_id=99#breadcrumb\",\"itemListElement\":[{\"@type\":\"ListItem\",\"position\":1,\"name\":\"Portada\",\"item\":\"https:\\\/\\\/lecturafacilcantabria.org\\\/\"},{\"@type\":\"ListItem\",\"position\":2,\"name\":\"Inicio\",\"item\":\"https:\\\/\\\/lecturafacilcantabria.org\\\/?page_id=32\"},{\"@type\":\"ListItem\",\"position\":3,\"name\":\"Contacto\"}]},{\"@type\":\"WebSite\",\"@id\":\"https:\\\/\\\/lecturafacilcantabria.org\\\/#website\",\"url\":\"https:\\\/\\\/lecturafacilcantabria.org\\\/\",\"name\":\"Lectura F\u00e1cil Cantabria\",\"description\":\"Asociaci\u00f3n especializada en promover y difundir la Lectura F\u00e1cil en Cantabria\",\"publisher\":{\"@id\":\"https:\\\/\\\/lecturafacilcantabria.org\\\/#organization\"},\"potentialAction\":[{\"@type\":\"SearchAction\",\"target\":{\"@type\":\"EntryPoint\",\"urlTemplate\":\"https:\\\/\\\/lecturafacilcantabria.org\\\/?s={search_term_string}\"},\"query-input\":{\"@type\":\"PropertyValueSpecification\",\"valueRequired\":true,\"valueName\":\"search_term_string\"}}],\"inLanguage\":\"es\"},{\"@type\":\"Organization\",\"@id\":\"https:\\\/\\\/lecturafacilcantabria.org\\\/#organization\",\"name\":\"Lectura F\u00e1cil Cantabria\",\"url\":\"https:\\\/\\\/lecturafacilcantabria.org\\\/\",\"logo\":{\"@type\":\"ImageObject\",\"inLanguage\":\"es\",\"@id\":\"https:\\\/\\\/lecturafacilcantabria.org\\\/#\\\/schema\\\/logo\\\/image\\\/\",\"url\":\"https:\\\/\\\/lecturafacilcantabria.org\\\/wp-content\\\/uploads\\\/2021\\\/08\\\/logo-e1628705030940.png\",\"contentUrl\":\"https:\\\/\\\/lecturafacilcantabria.org\\\/wp-content\\\/uploads\\\/2021\\\/08\\\/logo-e1628705030940.png\",\"width\":1200,\"height\":675,\"caption\":\"Lectura F\u00e1cil Cantabria\"},\"image\":{\"@id\":\"https:\\\/\\\/lecturafacilcantabria.org\\\/#\\\/schema\\\/logo\\\/image\\\/\"}}]}<\/script>\n<!-- \/ Yoast SEO plugin. -->","yoast_head_json":{"title":"Contacto - Lectura F\u00e1cil Cantabria","robots":{"index":"index","follow":"follow","max-snippet":"max-snippet:-1","max-image-preview":"max-image-preview:large","max-video-preview":"max-video-preview:-1"},"canonical":"https:\/\/lecturafacilcantabria.org\/?page_id=99","og_locale":"es_ES","og_type":"article","og_title":"Contacto - Lectura F\u00e1cil Cantabria","og_description":"&nbsp; FACEBOOK -&gt; https:\/\/www.facebook.com\/people\/Lectura-F%C3%A1cil-Cantabria\/100075342956305\/ INSTAGRAM -&gt;\u00a0https:\/\/www.instagram.com\/lectura_facil_cantabria\/ EMAIL -&gt; lecturafacilcantabria@gmail.com","og_url":"https:\/\/lecturafacilcantabria.org\/?page_id=99","og_site_name":"Lectura F\u00e1cil Cantabria","article_modified_time":"2023-07-17T19:45:39+00:00","og_image":[{"url":"https:\/\/lecturafacilcantabria.org\/wp-content\/uploads\/2023\/07\/descarga-1.png","type":"","width":"","height":""}],"twitter_card":"summary_large_image","twitter_misc":{"Tiempo de lectura":"1 minuto"},"schema":{"@context":"https:\/\/schema.org","@graph":[{"@type":"WebPage","@id":"https:\/\/lecturafacilcantabria.org\/?page_id=99","url":"https:\/\/lecturafacilcantabria.org\/?page_id=99","name":"Contacto - Lectura F\u00e1cil Cantabria","isPartOf":{"@id":"https:\/\/lecturafacilcantabria.org\/#website"},"primaryImageOfPage":{"@id":"https:\/\/lecturafacilcantabria.org\/?page_id=99#primaryimage"},"image":{"@id":"https:\/\/lecturafacilcantabria.org\/?page_id=99#primaryimage"},"thumbnailUrl":"https:\/\/lecturafacilcantabria.org\/wp-content\/uploads\/2023\/07\/descarga-1.png","datePublished":"2023-07-17T19:31:21+00:00","dateModified":"2023-07-17T19:45:39+00:00","breadcrumb":{"@id":"https:\/\/lecturafacilcantabria.org\/?page_id=99#breadcrumb"},"inLanguage":"es","potentialAction":[{"@type":"ReadAction","target":["https:\/\/lecturafacilcantabria.org\/?page_id=99"]}]},{"@type":"ImageObject","inLanguage":"es","@id":"https:\/\/lecturafacilcantabria.org\/?page_id=99#primaryimage","url":"https:\/\/lecturafacilcantabria.org\/wp-content\/uploads\/2023\/07\/descarga-1.png","contentUrl":"https:\/\/lecturafacilcantabria.org\/wp-content\/uploads\/2023\/07\/descarga-1.png","width":225,"height":225},{"@type":"BreadcrumbList","@id":"https:\/\/lecturafacilcantabria.org\/?page_id=99#breadcrumb","itemListElement":[{"@type":"ListItem","position":1,"name":"Portada","item":"https:\/\/lecturafacilcantabria.org\/"},{"@type":"ListItem","position":2,"name":"Inicio","item":"https:\/\/lecturafacilcantabria.org\/?page_id=32"},{"@type":"ListItem","position":3,"name":"Contacto"}]},{"@type":"WebSite","@id":"https:\/\/lecturafacilcantabria.org\/#website","url":"https:\/\/lecturafacilcantabria.org\/","name":"Lectura F\u00e1cil Cantabria","description":"Asociaci\u00f3n especializada en promover y difundir la Lectura F\u00e1cil en Cantabria","publisher":{"@id":"https:\/\/lecturafacilcantabria.org\/#organization"},"potentialAction":[{"@type":"SearchAction","target":{"@type":"EntryPoint","urlTemplate":"https:\/\/lecturafacilcantabria.org\/?s={search_term_string}"},"query-input":{"@type":"PropertyValueSpecification","valueRequired":true,"valueName":"search_term_string"}}],"inLanguage":"es"},{"@type":"Organization","@id":"https:\/\/lecturafacilcantabria.org\/#organization","name":"Lectura F\u00e1cil Cantabria","url":"https:\/\/lecturafacilcantabria.org\/","logo":{"@type":"ImageObject","inLanguage":"es","@id":"https:\/\/lecturafacilcantabria.org\/#\/schema\/logo\/image\/","url":"https:\/\/lecturafacilcantabria.org\/wp-content\/uploads\/2021\/08\/logo-e1628705030940.png","contentUrl":"https:\/\/lecturafacilcantabria.org\/wp-content\/uploads\/2021\/08\/logo-e1628705030940.png","width":1200,"height":675,"caption":"Lectura F\u00e1cil Cantabria"},"image":{"@id":"https:\/\/lecturafacilcantabria.org\/#\/schema\/logo\/image\/"}}]}},"_links":{"self":[{"href":"https:\/\/lecturafacilcantabria.org\/index.php?rest_route=\/wp\/v2\/pages\/99","targetHints":{"allow":["GET"]}}],"collection":[{"href":"https:\/\/lecturafacilcantabria.org\/index.php?rest_route=\/wp\/v2\/pages"}],"about":[{"href":"https:\/\/lecturafacilcantabria.org\/index.php?rest_route=\/wp\/v2\/types\/page"}],"author":[{"embeddable":true,"href":"https:\/\/lecturafacilcantabria.org\/index.php?rest_route=\/wp\/v2\/users\/3"}],"replies":[{"embeddable":true,"href":"https:\/\/lecturafacilcantabria.org\/index.php?rest_route=%2Fwp%2Fv2%2Fcomments&post=99"}],"version-history":[{"count":4,"href":"https:\/\/lecturafacilcantabria.org\/index.php?rest_route=\/wp\/v2\/pages\/99\/revisions"}],"predecessor-version":[{"id":107,"href":"https:\/\/lecturafacilcantabria.org\/index.php?rest_route=\/wp\/v2\/pages\/99\/revisions\/107"}],"up":[{"embeddable":true,"href":"https:\/\/lecturafacilcantabria.org\/index.php?rest_route=\/wp\/v2\/pages\/32"}],"wp:attachment":[{"href":"https:\/\/lecturafacilcantabria.org\/index.php?rest_route=%2Fwp%2Fv2%2Fmedia&parent=99"}],"curies":[{"name":"wp","href":"https:\/\/api.w.org\/{rel}","templated":true}]}}